{"id":69,"date":"2026-01-15T18:10:50","date_gmt":"2026-01-15T21:10:50","guid":{"rendered":"https:\/\/web1master.com\/store\/?post_type=product&#038;p=69"},"modified":"2026-01-16T11:09:18","modified_gmt":"2026-01-16T14:09:18","slug":"plano-host-10-contas","status":"publish","type":"product","link":"https:\/\/web1master.com\/store\/plano\/plano-host-10-contas\/","title":{"rendered":"Plano Host 10 contas"},"content":{"rendered":"<p>Vantagens exclusivas:<\/p>\n<ul>\n<li>Suporte T\u00e9cnico cPanel (Web1Master)<\/li>\n<li>Painel White Label<\/li>\n<li>Totalmente configurado<\/li>\n<li>10 contas (1 principal + 9 para clientes)<\/li>\n<li>Atendimento direto via WhatsApp<\/li>\n<\/ul>\n","protected":false},"excerpt":{"rendered":"<p>A Web1Master oferece o servi\u00e7o de licenciamento de plataformas de Hospedagem Web para Ag\u00eancias de Marketing, Publicidade, Escrit\u00f3rios de Cria\u00e7\u00e3o, N\u00f4mades Digitais, Freelancers e para profissionais que queiram trabalhar com a internet.<br \/>\nO licenciamento \u00e9 feito de forma anual com desconto \u00e0 vista ou de forma trimestral.<br \/>\nConfiguramos e entregamos o sistema totalmente funcional, com a sua marca e no seu dom\u00ednio ou em um novo dom\u00ednio para o gerenciamento das contas.<br \/>\nPara mais informa\u00e7\u00f5es acesse a p\u00e1gina do servi\u00e7o em nosso site.<br \/>\nLink: <a href=\"https:\/\/web1master.com\/revenda-hospedagem-web-para-nomades-digitais\/\">Revenda de Hospedagem Web para N\u00f4mades Digitais &#8211; Web1Master &#8211; Hospedagem Web Turbo Profissional<\/a><\/p>\n","protected":false},"featured_media":72,"template":"","meta":[],"product_brand":[],"product_cat":[18],"product_tag":[22,24,23,29,19,20,21,27,28,25,26],"class_list":{"0":"post-69","1":"product","2":"type-product","3":"status-publish","4":"has-post-thumbnail","6":"product_cat-hospedagem-web","7":"product_tag-contas","8":"product_tag-cpanel","9":"product_tag-hospedagem-ilimitada","10":"product_tag-hospedagem-turbo","11":"product_tag-hospedagem-web","12":"product_tag-host","13":"product_tag-planos","14":"product_tag-revenda","15":"product_tag-revenda-de-hospedagem-web","16":"product_tag-whm","17":"product_tag-whmcs","19":"first","20":"instock","21":"sold-individually","22":"shipping-taxable","23":"purchasable","24":"product-type-variable","25":"has-default-attributes"},"_links":{"self":[{"href":"https:\/\/web1master.com\/store\/wp-json\/wp\/v2\/product\/69","targetHints":{"allow":["GET"]}}],"collection":[{"href":"https:\/\/web1master.com\/store\/wp-json\/wp\/v2\/product"}],"about":[{"href":"https:\/\/web1master.com\/store\/wp-json\/wp\/v2\/types\/product"}],"wp:featuredmedia":[{"embeddable":true,"href":"https:\/\/web1master.com\/store\/wp-json\/wp\/v2\/media\/72"}],"wp:attachment":[{"href":"https:\/\/web1master.com\/store\/wp-json\/wp\/v2\/media?parent=69"}],"wp:term":[{"taxonomy":"product_brand","embeddable":true,"href":"https:\/\/web1master.com\/store\/wp-json\/wp\/v2\/product_brand?post=69"},{"taxonomy":"product_cat","embeddable":true,"href":"https:\/\/web1master.com\/store\/wp-json\/wp\/v2\/product_cat?post=69"},{"taxonomy":"product_tag","embeddable":true,"href":"https:\/\/web1master.com\/store\/wp-json\/wp\/v2\/product_tag?post=69"}],"curies":[{"name":"wp","href":"https:\/\/api.w.org\/{rel}","templated":true}]}}